{"id":4783,"date":"2020-04-18T10:55:39","date_gmt":"2020-04-18T08:55:39","guid":{"rendered":"http:\/\/www.suorediloreto.it\/lor\/?page_id=4783"},"modified":"2021-01-05T17:09:32","modified_gmt":"2021-01-05T16:09:32","slug":"carisma","status":"publish","type":"page","link":"https:\/\/www.suorediloreto.it\/lor\/chi-siamo\/carisma\/","title":{"rendered":"Carisma"},"content":{"rendered":"\n<p>Donne che&nbsp; vivono la pienezza della loro esistenza in una vita donata all\u2019Amore e vissuta in fraternit\u00e0.<\/p>\n\n\n\n<p>La Congregazione delle Suore di Santa Maria di Loreto nasce da un\u2019intensa esperienza mistica che Madre Natalina Bonardi, vive in un momento&nbsp; di grande sofferenza.&nbsp;<\/p>\n\n\n\n<div class=\"wp-block-image\"><figure class=\"alignright size-large\"><img loading=\"lazy\" decoding=\"async\" width=\"400\" height=\"300\" src=\"https:\/\/www.suorediloreto.it\/lor\/wp-content\/uploads\/2020\/10\/008_anfore.jpg\" alt=\"\" class=\"wp-image-5399\" srcset=\"https:\/\/www.suorediloreto.it\/lor\/wp-content\/uploads\/2020\/10\/008_anfore.jpg 400w, https:\/\/www.suorediloreto.it\/lor\/wp-content\/uploads\/2020\/10\/008_anfore-300x225.jpg 300w\" sizes=\"auto, (max-width: 400px) 100vw, 400px\" \/><\/figure><\/div>\n\n\n\n<p>10 Novembre 1891, il rigido clima invernale attanaglia anche i cuori, in particolare quello di suor Natalina Bonardi, che, dopo aver tentato pi\u00f9 volte di coronare la scelta di vita consacrata in un istituto religioso, era stata accolta dalle Suore del Buon Consiglio, ed ora si ritrova sola a causa dello scioglimento della comunit\u00e0.<\/p>\n\n\n\n<p>La Cappella della Madonna di Loreto nel \u201cConventino\u201d di Livorno Ferraris \u00e8 il suo rifugio ove presenta al Signore la sua grande angoscia e il suo profondo dolore, prega implorando la Madonna di infonderle aiuto e conforto. Alla sua viva preghiera Maria risponde:<em> \u00abS\u00ec, ti aiuter\u00f2!\u00bb.<\/em><\/p>\n\n\n\n<p>Intraprende cos\u00ec un cammino di fede e di abbandono totale alla volont\u00e0 di Dio che la condurr\u00e0 a fondare la Congregazione delle suore di Santa Maria di Loreto: <em>\u00abMaria SS. fu fedele alla sua promessa: il suo aiuto non ci venne meno giammai\u2026 Ancora oggid\u00ec, quanto sentiamo forte e potente il suo patrocinio e la sua materna benevolenza\u00bb. <\/em>(dalle Memorie)<\/p>\n\n\n\n<blockquote class=\"wp-block-quote has-text-align-right is-layout-flow wp-block-quote-is-layout-flow\"><p>Maria SS. fu fedele alla sua promessa: <br>il suo aiuto non ci venne meno giammai&#8230;<span class=\"Apple-converted-space\">&nbsp;<\/span><\/p><cite>MADRE NATALINA<\/cite><\/blockquote>\n\n\n\n<p>\u00abLa Congregazione, fedele alle ispirazioni delle origini, fa sua la missione evangelizzatrice ed educativa nell\u2019ambito parrocchiale e familiare. Come la Vergine di Loreto ci disponiamo ad accogliere il progetto del Padre nella nostra vita personale, comunitaria e ad accompagnare i fratelli nel cammino di fede con uno stile di apertura, accoglienza, attenzione preveniente e discreta tipico della Famiglia di Nazareth\u00bb. (Cost artt. 4-5)<\/p>\n\n\n\n<blockquote class=\"wp-block-quote has-text-align-right is-layout-flow wp-block-quote-is-layout-flow\"><p>Se sapessi che \u00e8 Volont\u00e0 di Dio che si continuasse la Congregazione, cercheremmo altre giovani\u2026<\/p><cite>madre natalina<\/cite><\/blockquote>\n","protected":false},"excerpt":{"rendered":"<p>Donne che&nbsp; vivono la pienezza della loro esistenza in una vita donata all\u2019Amore e vissuta in fraternit\u00e0. La Congregazione delle Suore di Santa Maria di Loreto nasce da un\u2019intensa esperienza mistica che Madre Natalina Bonardi, vive in un momento&nbsp; di grande sofferenza.&nbsp; 10 Novembre 1891, il rigido clima invernale attanaglia anche i cuori, in particolare&#8230;<\/p>\n","protected":false},"author":2,"featured_media":4871,"parent":241,"menu_order":1,"comment_status":"closed","ping_status":"closed","template":"","meta":{"ghostkit_customizer_options":"","ghostkit_custom_css":"","ghostkit_custom_js_head":"","ghostkit_custom_js_foot":"","ghostkit_typography":"","_vp_format_video_url":"","_vp_image_focal_point":[],"footnotes":""},"class_list":["post-4783","page","type-page","status-publish","has-post-thumbnail","hentry"],"yoast_head":"<!-- This site is optimized with the Yoast SEO plugin v25.6 - https:\/\/yoast.com\/wordpress\/plugins\/seo\/ -->\n<title>Carisma - Suore di Loreto<\/title>\n<meta name=\"robots\" content=\"index, follow, max-snippet:-1, max-image-preview:large, max-video-preview:-1\" \/>\n<link rel=\"canonical\" href=\"https:\/\/www.suorediloreto.it\/lor\/chi-siamo\/carisma\/\" \/>\n<meta property=\"og:locale\" content=\"it_IT\" \/>\n<meta property=\"og:type\" content=\"article\" \/>\n<meta property=\"og:title\" content=\"Carisma - Suore di Loreto\" \/>\n<meta property=\"og:description\" content=\"Donne che&nbsp; vivono la pienezza della loro esistenza in una vita donata all\u2019Amore e vissuta in fraternit\u00e0. La Congregazione delle Suore di Santa Maria di Loreto nasce da un\u2019intensa esperienza mistica che Madre Natalina Bonardi, vive in un momento&nbsp; di grande sofferenza.&nbsp; 10 Novembre 1891, il rigido clima invernale attanaglia anche i cuori, in particolare...\" \/>\n<meta property=\"og:url\" content=\"https:\/\/www.suorediloreto.it\/lor\/chi-siamo\/carisma\/\" \/>\n<meta property=\"og:site_name\" content=\"Suore di Loreto\" \/>\n<meta property=\"article:modified_time\" content=\"2021-01-05T16:09:32+00:00\" \/>\n<meta property=\"og:image\" content=\"https:\/\/www.suorediloreto.it\/lor\/wp-content\/uploads\/2020\/04\/cappella-della-Madonna-di-Loreto-a-Livorno-Ferraris.jpg\" \/>\n\t<meta property=\"og:image:width\" content=\"264\" \/>\n\t<meta property=\"og:image:height\" content=\"191\" \/>\n\t<meta property=\"og:image:type\" content=\"image\/jpeg\" \/>\n<meta name=\"twitter:card\" content=\"summary_large_image\" \/>\n<meta name=\"twitter:label1\" content=\"Tempo di lettura stimato\" \/>\n\t<meta name=\"twitter:data1\" content=\"2 minuti\" \/>\n<script type=\"application\/ld+json\" class=\"yoast-schema-graph\">{\"@context\":\"https:\/\/schema.org\",\"@graph\":[{\"@type\":\"WebPage\",\"@id\":\"https:\/\/www.suorediloreto.it\/lor\/chi-siamo\/carisma\/\",\"url\":\"https:\/\/www.suorediloreto.it\/lor\/chi-siamo\/carisma\/\",\"name\":\"Carisma - Suore di Loreto\",\"isPartOf\":{\"@id\":\"https:\/\/www.suorediloreto.it\/lor\/#website\"},\"primaryImageOfPage\":{\"@id\":\"https:\/\/www.suorediloreto.it\/lor\/chi-siamo\/carisma\/#primaryimage\"},\"image\":{\"@id\":\"https:\/\/www.suorediloreto.it\/lor\/chi-siamo\/carisma\/#primaryimage\"},\"thumbnailUrl\":\"https:\/\/www.suorediloreto.it\/lor\/wp-content\/uploads\/2020\/04\/cappella-della-Madonna-di-Loreto-a-Livorno-Ferraris.jpg\",\"datePublished\":\"2020-04-18T08:55:39+00:00\",\"dateModified\":\"2021-01-05T16:09:32+00:00\",\"breadcrumb\":{\"@id\":\"https:\/\/www.suorediloreto.it\/lor\/chi-siamo\/carisma\/#breadcrumb\"},\"inLanguage\":\"it-IT\",\"potentialAction\":[{\"@type\":\"ReadAction\",\"target\":[\"https:\/\/www.suorediloreto.it\/lor\/chi-siamo\/carisma\/\"]}]},{\"@type\":\"ImageObject\",\"inLanguage\":\"it-IT\",\"@id\":\"https:\/\/www.suorediloreto.it\/lor\/chi-siamo\/carisma\/#primaryimage\",\"url\":\"https:\/\/www.suorediloreto.it\/lor\/wp-content\/uploads\/2020\/04\/cappella-della-Madonna-di-Loreto-a-Livorno-Ferraris.jpg\",\"contentUrl\":\"https:\/\/www.suorediloreto.it\/lor\/wp-content\/uploads\/2020\/04\/cappella-della-Madonna-di-Loreto-a-Livorno-Ferraris.jpg\",\"width\":264,\"height\":191},{\"@type\":\"BreadcrumbList\",\"@id\":\"https:\/\/www.suorediloreto.it\/lor\/chi-siamo\/carisma\/#breadcrumb\",\"itemListElement\":[{\"@type\":\"ListItem\",\"position\":1,\"name\":\"Home\",\"item\":\"https:\/\/www.suorediloreto.it\/lor\/\"},{\"@type\":\"ListItem\",\"position\":2,\"name\":\"Chi siamo\",\"item\":\"https:\/\/www.suorediloreto.it\/lor\/chi-siamo\/\"},{\"@type\":\"ListItem\",\"position\":3,\"name\":\"Carisma\"}]},{\"@type\":\"WebSite\",\"@id\":\"https:\/\/www.suorediloreto.it\/lor\/#website\",\"url\":\"https:\/\/www.suorediloreto.it\/lor\/\",\"name\":\"Suore di Loreto\",\"description\":\"\",\"potentialAction\":[{\"@type\":\"SearchAction\",\"target\":{\"@type\":\"EntryPoint\",\"urlTemplate\":\"https:\/\/www.suorediloreto.it\/lor\/?s={search_term_string}\"},\"query-input\":{\"@type\":\"PropertyValueSpecification\",\"valueRequired\":true,\"valueName\":\"search_term_string\"}}],\"inLanguage\":\"it-IT\"}]}<\/script>\n<!-- \/ Yoast SEO plugin. -->","yoast_head_json":{"title":"Carisma - Suore di Loreto","robots":{"index":"index","follow":"follow","max-snippet":"max-snippet:-1","max-image-preview":"max-image-preview:large","max-video-preview":"max-video-preview:-1"},"canonical":"https:\/\/www.suorediloreto.it\/lor\/chi-siamo\/carisma\/","og_locale":"it_IT","og_type":"article","og_title":"Carisma - Suore di Loreto","og_description":"Donne che&nbsp; vivono la pienezza della loro esistenza in una vita donata all\u2019Amore e vissuta in fraternit\u00e0. La Congregazione delle Suore di Santa Maria di Loreto nasce da un\u2019intensa esperienza mistica che Madre Natalina Bonardi, vive in un momento&nbsp; di grande sofferenza.&nbsp; 10 Novembre 1891, il rigido clima invernale attanaglia anche i cuori, in particolare...","og_url":"https:\/\/www.suorediloreto.it\/lor\/chi-siamo\/carisma\/","og_site_name":"Suore di Loreto","article_modified_time":"2021-01-05T16:09:32+00:00","og_image":[{"width":264,"height":191,"url":"https:\/\/www.suorediloreto.it\/lor\/wp-content\/uploads\/2020\/04\/cappella-della-Madonna-di-Loreto-a-Livorno-Ferraris.jpg","type":"image\/jpeg"}],"twitter_card":"summary_large_image","twitter_misc":{"Tempo di lettura stimato":"2 minuti"},"schema":{"@context":"https:\/\/schema.org","@graph":[{"@type":"WebPage","@id":"https:\/\/www.suorediloreto.it\/lor\/chi-siamo\/carisma\/","url":"https:\/\/www.suorediloreto.it\/lor\/chi-siamo\/carisma\/","name":"Carisma - Suore di Loreto","isPartOf":{"@id":"https:\/\/www.suorediloreto.it\/lor\/#website"},"primaryImageOfPage":{"@id":"https:\/\/www.suorediloreto.it\/lor\/chi-siamo\/carisma\/#primaryimage"},"image":{"@id":"https:\/\/www.suorediloreto.it\/lor\/chi-siamo\/carisma\/#primaryimage"},"thumbnailUrl":"https:\/\/www.suorediloreto.it\/lor\/wp-content\/uploads\/2020\/04\/cappella-della-Madonna-di-Loreto-a-Livorno-Ferraris.jpg","datePublished":"2020-04-18T08:55:39+00:00","dateModified":"2021-01-05T16:09:32+00:00","breadcrumb":{"@id":"https:\/\/www.suorediloreto.it\/lor\/chi-siamo\/carisma\/#breadcrumb"},"inLanguage":"it-IT","potentialAction":[{"@type":"ReadAction","target":["https:\/\/www.suorediloreto.it\/lor\/chi-siamo\/carisma\/"]}]},{"@type":"ImageObject","inLanguage":"it-IT","@id":"https:\/\/www.suorediloreto.it\/lor\/chi-siamo\/carisma\/#primaryimage","url":"https:\/\/www.suorediloreto.it\/lor\/wp-content\/uploads\/2020\/04\/cappella-della-Madonna-di-Loreto-a-Livorno-Ferraris.jpg","contentUrl":"https:\/\/www.suorediloreto.it\/lor\/wp-content\/uploads\/2020\/04\/cappella-della-Madonna-di-Loreto-a-Livorno-Ferraris.jpg","width":264,"height":191},{"@type":"BreadcrumbList","@id":"https:\/\/www.suorediloreto.it\/lor\/chi-siamo\/carisma\/#breadcrumb","itemListElement":[{"@type":"ListItem","position":1,"name":"Home","item":"https:\/\/www.suorediloreto.it\/lor\/"},{"@type":"ListItem","position":2,"name":"Chi siamo","item":"https:\/\/www.suorediloreto.it\/lor\/chi-siamo\/"},{"@type":"ListItem","position":3,"name":"Carisma"}]},{"@type":"WebSite","@id":"https:\/\/www.suorediloreto.it\/lor\/#website","url":"https:\/\/www.suorediloreto.it\/lor\/","name":"Suore di Loreto","description":"","potentialAction":[{"@type":"SearchAction","target":{"@type":"EntryPoint","urlTemplate":"https:\/\/www.suorediloreto.it\/lor\/?s={search_term_string}"},"query-input":{"@type":"PropertyValueSpecification","valueRequired":true,"valueName":"search_term_string"}}],"inLanguage":"it-IT"}]}},"_links":{"self":[{"href":"https:\/\/www.suorediloreto.it\/lor\/wp-json\/wp\/v2\/pages\/4783","targetHints":{"allow":["GET"]}}],"collection":[{"href":"https:\/\/www.suorediloreto.it\/lor\/wp-json\/wp\/v2\/pages"}],"about":[{"href":"https:\/\/www.suorediloreto.it\/lor\/wp-json\/wp\/v2\/types\/page"}],"author":[{"embeddable":true,"href":"https:\/\/www.suorediloreto.it\/lor\/wp-json\/wp\/v2\/users\/2"}],"replies":[{"embeddable":true,"href":"https:\/\/www.suorediloreto.it\/lor\/wp-json\/wp\/v2\/comments?post=4783"}],"version-history":[{"count":22,"href":"https:\/\/www.suorediloreto.it\/lor\/wp-json\/wp\/v2\/pages\/4783\/revisions"}],"predecessor-version":[{"id":5719,"href":"https:\/\/www.suorediloreto.it\/lor\/wp-json\/wp\/v2\/pages\/4783\/revisions\/5719"}],"up":[{"embeddable":true,"href":"https:\/\/www.suorediloreto.it\/lor\/wp-json\/wp\/v2\/pages\/241"}],"wp:featuredmedia":[{"embeddable":true,"href":"https:\/\/www.suorediloreto.it\/lor\/wp-json\/wp\/v2\/media\/4871"}],"wp:attachment":[{"href":"https:\/\/www.suorediloreto.it\/lor\/wp-json\/wp\/v2\/media?parent=4783"}],"curies":[{"name":"wp","href":"https:\/\/api.w.org\/{rel}","templated":true}]}}