{"id":4822,"date":"2020-04-18T11:10:30","date_gmt":"2020-04-18T09:10:30","guid":{"rendered":"http:\/\/www.suorediloreto.it\/lor\/?page_id=4822"},"modified":"2022-08-19T21:35:28","modified_gmt":"2022-08-19T19:35:28","slug":"suor-natalina","status":"publish","type":"page","link":"https:\/\/www.suorediloreto.it\/lor\/suor-natalina\/","title":{"rendered":"Suor Natalina"},"content":{"rendered":"<p><a href=\"https:\/\/www.suorediloreto.it\/lor\/wp-content\/uploads\/2022\/08\/Decreto-Virtu-Madre-Natalina.pdf\">Decreto Virt\u00f9 Madre Natalina<\/a><\/p>\r\n<p>Maria Bonardi nasce a Cuneo il 4 dicembre del 1864 e riceve il battesimo nella chiesa di Sant\u2019Ambrogio il 7 dicembre dello stesso anno.<br \/>I genitori, Giuseppe Bonardi e Margherita Dogliani, educarono i loro numerosi figli alla fede cristiana e secondo l\u2019amore di Dio.<\/p>\r\n<h4><img loading=\"lazy\" decoding=\"async\" class=\" wp-image-4903 alignright\" src=\"https:\/\/www.suorediloreto.it\/lor\/wp-content\/uploads\/2020\/04\/famiglia-Bonardi-300x226.jpg\" alt=\"\" width=\"567\" height=\"427\" srcset=\"https:\/\/www.suorediloreto.it\/lor\/wp-content\/uploads\/2020\/04\/famiglia-Bonardi-300x226.jpg 300w, https:\/\/www.suorediloreto.it\/lor\/wp-content\/uploads\/2020\/04\/famiglia-Bonardi-1024x772.jpg 1024w, https:\/\/www.suorediloreto.it\/lor\/wp-content\/uploads\/2020\/04\/famiglia-Bonardi-768x579.jpg 768w, https:\/\/www.suorediloreto.it\/lor\/wp-content\/uploads\/2020\/04\/famiglia-Bonardi-500x377.jpg 500w, https:\/\/www.suorediloreto.it\/lor\/wp-content\/uploads\/2020\/04\/famiglia-Bonardi-800x603.jpg 800w, https:\/\/www.suorediloreto.it\/lor\/wp-content\/uploads\/2020\/04\/famiglia-Bonardi-580x437.jpg 580w, https:\/\/www.suorediloreto.it\/lor\/wp-content\/uploads\/2020\/04\/famiglia-Bonardi-860x648.jpg 860w, https:\/\/www.suorediloreto.it\/lor\/wp-content\/uploads\/2020\/04\/famiglia-Bonardi.jpg 1027w\" sizes=\"auto, (max-width: 567px) 100vw, 567px\" \/><\/h4>\r\n<h3>I primi anni<\/h3>\r\n<p>Fin da piccola Maria mostr\u00f2 di avere un carattere forte e determinato. Nel 1871 si cresima nel Duomo di Cuneo, riceve poco dopo la Prima comunione nella chiesa di Sant\u2019Ambrogio. Sempre nel 1871, il padre rileva lo stabilimento di bagni della Certosa di Chiusa, Pesio CN, scelta che causer\u00e0 un grave dissesto finanziario.<br \/>La personalit\u00e0 di Maria Bonardi era vivace ed esuberante tanto da indurre la mamma a scegliere per lei un tipo di educazione collegiale. Infatti nel 1873 entr\u00f2 nel collegio \u201cSacra Famiglia\u201d di Cuneo.<br \/>La mamma di Maria pensava di ottenere un adeguato supporto educativo nei riguardi della figlia.<br \/>Nel 1878 la ragazza segue un corso di esercizi spirituali e questa esperienza le porta il dono della conversione; dopo un breve ritorno in famiglia nel 1880, sente di volersi consacrare a Dio e nel 1882, quando compie 18 anni, ha ormai deciso di immergersi completamente e votarsi a un tipo di esistenza religiosa, e perci\u00f2 scegliere la congregazione della quale fare parte.<br \/>Nel frattempo per\u00f2 la sua famiglia, in seguito al grave dissesto economico subito, si trasferisce in Francia a Nizza, dove Maria cerca un lavoro per essere di supporto e aiuto alla sua famiglia.<\/p>\r\n<h3>Un sogno rivelatore<\/h3>\r\n<p>Prende servizio presso una ricca famiglia e una sera stanca, dopo una lunga giornata di lavoro, si addorment\u00f2 sul baule e i suoi desideri si trasferirono in un bel sogno. Nel sogno vide tante giovani ragazze vestite di bianco con un velo bianco sulla testa e disposte in circolo.<\/p>\r\n<p><img loading=\"lazy\" decoding=\"async\" class=\" wp-image-4896 alignright\" src=\"https:\/\/www.suorediloreto.it\/lor\/wp-content\/uploads\/2020\/04\/20150528223705206_0001-211x300.jpg\" alt=\"\" width=\"421\" height=\"599\" srcset=\"https:\/\/www.suorediloreto.it\/lor\/wp-content\/uploads\/2020\/04\/20150528223705206_0001-211x300.jpg 211w, https:\/\/www.suorediloreto.it\/lor\/wp-content\/uploads\/2020\/04\/20150528223705206_0001-719x1024.jpg 719w, https:\/\/www.suorediloreto.it\/lor\/wp-content\/uploads\/2020\/04\/20150528223705206_0001-351x500.jpg 351w, https:\/\/www.suorediloreto.it\/lor\/wp-content\/uploads\/2020\/04\/20150528223705206_0001-562x800.jpg 562w, https:\/\/www.suorediloreto.it\/lor\/wp-content\/uploads\/2020\/04\/20150528223705206_0001-500x712.jpg 500w, https:\/\/www.suorediloreto.it\/lor\/wp-content\/uploads\/2020\/04\/20150528223705206_0001-580x826.jpg 580w, https:\/\/www.suorediloreto.it\/lor\/wp-content\/uploads\/2020\/04\/20150528223705206_0001.jpg 763w\" sizes=\"auto, (max-width: 421px) 100vw, 421px\" \/>Si muovevano lievemente in cerchio e cantavano probabilmente lodando il Signore. Questo per Maria fu un sogno rivelatore: era Dio che la chiamava a intraprendere un serio e luminoso cammino di fede.<br \/>Confid\u00f2 perci\u00f2 alla mamma la sua forte volont\u00e0 di entrare a far parte di una comunit\u00e0 di suore.<br \/>\u00c8 il 1884 e la famiglia di Maria \u00e8 ancora in difficolt\u00e0. A Torino lavora per mantenersi e per procurarsi la dote, sempre in cerca di una comunit\u00e0 religiosa che possa accoglierla. La signora da cui lavora le suggerisce di recarsi a Verrua Savoia TO, perch\u00e9 ha saputo che il parroco intende fondarvi un monastero.<br \/>Qui, incontra Don Costamagna che le promette di accoglierla nell\u2019istituto di suore anche senza la dote, ma la risposta tarda ad arrivare e Maria nel frattempo chiede di poter fare la suora nel Cottolengo ma riceve una risposta negativa. La sua domanda viene rifiutata.<br \/>Il 21 dicembre del 1887, don Costamagna accoglie Maria Bonardi nell\u2019ordine delle suore del Buon Consiglio e un mercoled\u00ec durante la novena di Natale, le viene consegnato l\u2019abito e assegnato il nome di Natalina.<br \/>Felice di essere riuscita ad abitare il suo sogno, suor Natalina rest\u00f2 presto delusa perch\u00e9 in quell\u2019istituto non si viveva la vita evangelica che lei aveva tanto sognato e cercato.<br \/>Tra il mese di ottobre e di novembre del 1891, mons. Pampirio, arcivescovo di Vercelli decide, in seguito a ragioni non note, di non accogliere in diocesi le suore del Buon Consiglio.<br \/>Suor Natalina si prepara per tornare in famiglia ma una forza superiore la trattiene.<\/p>\r\n<h3>Nella cappella della Madonna di Loreto<\/h3>\r\n<p>Un giorno accompagna la madre superiora alla stazione di Livorno Ferraris (VC), e tornando vede quest\u2019ultima nascondersi dietro un albero per svestirsi dagli abiti da religiosa. Suor Natalina, smarrita, si rifugia nella cappella della Madonna di Loreto e sconfortata implora piangendo la Madonna in cerca del suo aiuto. Dal silenzio della cappella sente una voce che le dice: \u201cS\u00ec, io ti aiuter\u00f2\u201d.<\/p>\r\n<p>Il 10 novembre, mons. Pampilio ha un colloquio con il parroco di Sant&#8217;Antonino, Don Degiani.\u00a0Incomincia la novena e nello stesso periodo il parroco chiede al vescovo di consentire a suor Natalina di continuare la sua opera nella scuola materna.<br \/>In attesa di trovare una nuova collocazione presso un istituto religioso, riprende la sua opera nella scuola materna.<\/p>\r\n<p>Ripensando al momento in cui si era rifugiata nella cappella della Madonna di Loreto, suor Natalina trovava molto bello colloquiare con il cielo mentre sulla terra imperversava la bufera. Cosa importava se era rimasta sola, senza pi\u00f9 una famiglia e senza pi\u00f9 una casa? Aveva soltanto ottanta centesimi in tasca e sapeva che Dio era dalla sua parte.<br \/>Nell\u2019inverno tra il 1891 e il 1892 il parroco Dogliani incoraggia suor Natalina a restare nel luogo che le aveva assegnato la Provvidenza per dare vita a una nuova famiglia religiosa.<br \/>Suor Natalina quasi senza pensare rispose: \u201cSe sapessi che \u00e8 volont\u00e0 di Dio che si formasse una comunit\u00e0 religiosa, cercheremmo altre giovani\u201d.<br \/>Ma subito si riprese e aggiunse: \u201cNo, per carit\u00e0, non \u00e8 possibile\u201d.<br \/>Don Dogliani decide di parlare con il Vescovo che prende presto in esame il regolamento che gli \u00e8 stato presentato e approva il progetto che vede suor Natalina coinvolta nel proseguire l\u2019opera e le chiede anche di cercare altre ragazze disposte a seguirla nel suo cammino spirituale di fede, per fondare una nuova famiglia religiosa.<br \/>Ma le difficolt\u00e0 non furono poche perch\u00e9 i soldi a disposizione erano pochissimi, mancavano molte cose necessarie e il cibo era scarso. La gioia di pregare e servire il Signore cresceva sempre pi\u00f9.<\/p>\r\n<p>Suor Natalina nei momenti di grande e grave preoccupazione, pregava e piangeva davanti al Sacro Cuore di Ges\u00f9. Anche questa volta sent\u00ec una voce che le rassener\u00f2 il cuore.<br \/>La voce diceva cos\u00ec: \u201cNon sei tu che fai, sono Io\u201d.<\/p>\r\n<p>La suora comprende il valore della sua missione e che \u00e8 il Signore a condurre la comunit\u00e0, lei non deve preoccuparsi.<br \/>Cerca giovani donne che la seguono nelle localit\u00e0 di Trino e Costantana (VC).<br \/>Spesso riceve calunnie, rifiuti e maldicenze ma va avanti per la sua strada illuminata dalla fede e dall\u2019amore di Dio. Le suore aumentano e si aprono altre scuole e collegi.<br \/>Madre Natalina pu\u00f2 cantare: \u201cOra lascia Signore, che il tuo servo vada in pace, i miei occhi hanno visto la tua salvezza\u201d.<\/p>\r\n<p><img loading=\"lazy\" decoding=\"async\" class=\" wp-image-4913 alignright\" src=\"https:\/\/www.suorediloreto.it\/lor\/wp-content\/uploads\/2020\/04\/MNatalinaGiovane-175x300.jpg\" alt=\"\" width=\"277\" height=\"475\" srcset=\"https:\/\/www.suorediloreto.it\/lor\/wp-content\/uploads\/2020\/04\/MNatalinaGiovane-175x300.jpg 175w, https:\/\/www.suorediloreto.it\/lor\/wp-content\/uploads\/2020\/04\/MNatalinaGiovane-292x500.jpg 292w, https:\/\/www.suorediloreto.it\/lor\/wp-content\/uploads\/2020\/04\/MNatalinaGiovane.jpg 460w\" sizes=\"auto, (max-width: 277px) 100vw, 277px\" \/><\/p>\r\n<h3>I principali avvenimenti della nuova famiglia religiosa<\/h3>\r\n<p>\u2022 1895 \u2013 Viene deciso l\u2019acquisto del caseggiato di Loreto nei pressi di Livorno e nel mese di agosto la prima piccola comunit\u00e0 di dieci suore vi si trasferisce. Al vescovo viene presentata la domanda per vestire l\u2019abito religioso.<br \/>\u2022 15 agosto 1896 \u2013 Dodici suore fanno vestizione e otto anche professione religiosa. Si apre a Livorno un ricovero per anziani che chiuder\u00e0 poco dopo per mancanza di fondi.<br \/>\u2022 1899 \u2013 Acquisto del convento dei Cappuccini a Cigliano VC, diviene un ricovero per anziani. Anche questo poco dopo chiude per mancanza di soldi e si trasforma in un laboratorio femminile.<br \/>\u2022 A settembre tre suore si trasferiscono a Vercelli e il primo ottobre si apre l\u2019educandato in casa Montarolo. Dopo due anni l\u2019educandato viene trasferito in via Sant\u2019Antonio e il 20 agosto Madre Natalina invia al vescovo Valfr\u00e8 le sue prime dimissioni.<br \/>\u2022 24 agosto 1914 \u2013 Madre Natalina presenta per la seconda volta le dimissioni che vengono accettate dal vescovo. Il giorno 27 dello stesso mese viene eletta superiora Generale, suor Giuseppina Guglielmati. Alcuni giorni dopo, la fondatrice Madre Natalina lascia Vercelli. \u00c8 destinata a S. Maria Rocca CN in veste di Superiora e direttrice dell\u2019asilo.<br \/>\u2022 1914\u20131918 \u2013 Suor Natalina rimane a S.Maria Rocca. Nel 1916 l\u2019educandato viene trasferito in via Feliciano da Gattinara.<br \/>\u2022 1919-1921 \u2013 Suor Natalina \u00e8 destinata a Cigliano per l\u2019assistenza delle suore malate.<br \/>\u2022 1921 \u2013 Viene eletta superiora generale. La comunit\u00e0 e l\u2019educandato ancora una volta trasferiti in via Simone da Collobiano.<br \/>\u2022 22 agosto 1926 \u2013 La consacrazione della congregazione al Sacro Cuore.<br \/>\u2022 1 marzo 1928 \u2013 L\u2019arcivescovo mons. Gamberoni approva le nuove Costituzioni.<br \/>\u2022 1929 \u2013 Apre la casa di Loano dedicata al Sacro Cuore.<br \/>\u2022 28 novembre 1932 \u2013\u00a0Si acquista palazzo Murazzano che nel 1935 diverr\u00e0 sede della casa generalizia.<br \/>\u2022 15 agosto 1938 \u2013 Sessantasei religiose, tra cui suor Natalina, prendono i voti perpetui.<br \/>\u2022 25 luglio 1945 \u2013 Madre Natalina muore alle 12,30 del pomeriggio.\u00a0Era la festa di San Giacomo apostolo. Lasci\u00f2 questa vita per continuare a vivere in pienezza nella contemplazione del suo Dio che tanto aveva amato e servito.<\/p>\r\n<h3>Le suore di Santa Maria di Loreto<\/h3>\r\n<p>Quella fiaccola data da Dio a Madre Natalina \u00e8 stata portata avanti da donne che come lei hanno creduto all&#8217;amore del Padre, che hanno accettato di vivere come Ges\u00f9 facendo voto di castit\u00e0, povert\u00e0, obbedienza con la purezza e l\u2019amore materno di Maria. Seguendo questo esempio di eterno amore misericordioso hanno offerto al mondo lo stile della vita quotidiana di Nazareth: vita di preghiera, di lavoro, di relazioni familiari vere, di comunione, a servizio di tutti i fratelli.<br \/>Anche il nome \u201cSuore di Santa Maria di Loreto\u201d, che l&#8217;Arcivescovo di Vercelli volle dare a questa nuova comunit\u00e0, richiama lo stile di vita di Nazareth.<br \/>Il Signore continua a chiamare persone nuove, a vivere la certezza dell&#8217;amore sincero e autentico e a donare Ges\u00f9 al mondo. Testimoni di forza splendente, fede e bellezza a cui sono state prestate le parole, i gesti, il cuore, affinch\u00e9 si possa essere sempre presenti tra i bambini, i giovani, gli anziani, le famiglie, gli ammalati.<br \/>A chi come Maria risponde: \u201cEccomi, sono la serva del Signore, avvenga di me quello che hai detto\u201d, il Signore dona la sua fedelt\u00e0 amorosa. La persona sente di essere nelle mani del Padre e dona s\u00e9 stessa come libera offerta a Lui, Padre attento e misericordioso. Cos\u00ec, da un piccolo seme \u00e8 nata una nuova comunit\u00e0 che vuole essere \u201cAnnuncio\u201d della Parola del Signore tra gli uomini. \u00c8 presente tra i fratelli di Isiolo (Kenya) con i quali condivide la preghiera, il lavoro e l\u2019annuncio della \u201cBuona Novella del Signore Ges\u00f9\u201d.<\/p>\r\n<p><img loading=\"lazy\" decoding=\"async\" class=\" wp-image-4905 alignright\" src=\"https:\/\/www.suorediloreto.it\/lor\/wp-content\/uploads\/2020\/04\/Madre-Natalina-sedia-214x300.jpg\" alt=\"\" width=\"329\" height=\"461\" srcset=\"https:\/\/www.suorediloreto.it\/lor\/wp-content\/uploads\/2020\/04\/Madre-Natalina-sedia-214x300.jpg 214w, https:\/\/www.suorediloreto.it\/lor\/wp-content\/uploads\/2020\/04\/Madre-Natalina-sedia-731x1024.jpg 731w, https:\/\/www.suorediloreto.it\/lor\/wp-content\/uploads\/2020\/04\/Madre-Natalina-sedia-768x1077.jpg 768w, https:\/\/www.suorediloreto.it\/lor\/wp-content\/uploads\/2020\/04\/Madre-Natalina-sedia-357x500.jpg 357w, https:\/\/www.suorediloreto.it\/lor\/wp-content\/uploads\/2020\/04\/Madre-Natalina-sedia-571x800.jpg 571w, https:\/\/www.suorediloreto.it\/lor\/wp-content\/uploads\/2020\/04\/Madre-Natalina-sedia-913x1280.jpg 913w, https:\/\/www.suorediloreto.it\/lor\/wp-content\/uploads\/2020\/04\/Madre-Natalina-sedia-500x701.jpg 500w, https:\/\/www.suorediloreto.it\/lor\/wp-content\/uploads\/2020\/04\/Madre-Natalina-sedia-800x1121.jpg 800w, https:\/\/www.suorediloreto.it\/lor\/wp-content\/uploads\/2020\/04\/Madre-Natalina-sedia-580x813.jpg 580w, https:\/\/www.suorediloreto.it\/lor\/wp-content\/uploads\/2020\/04\/Madre-Natalina-sedia-860x1205.jpg 860w, https:\/\/www.suorediloreto.it\/lor\/wp-content\/uploads\/2020\/04\/Madre-Natalina-sedia.jpg 921w\" sizes=\"auto, (max-width: 329px) 100vw, 329px\" \/>\u2022 10 dicembre 1954 \u2013 La congregazione riceve dalla Santa Sede il Decreto di Lode e diventa di Diritto Pontificio.<br \/>\u2022 4 giugno 1962 \u2013 Giunge alla Sacra Congregazione dei Religiosi, il deceto delfinitivo di approvazione dell\u2019istituto.<br \/>\u2022 1967\u00a0\u2013 Iniziano i lavori di preparazione al capitolo speciale richiesto dallo stesso Concilio Vaticano II<br \/>\u2022 10 dicembre \u2013 Apertura della casa di missione a Isiole (Kenya).<br \/>\u2022 31 maggio 1980 \u2013 Decreto di approvazione delle costituzioni.<br \/>\u2022 1991 \u2013 Inizio della Causa di Beatificazione di Madre Natalina.<br \/>\u2022 25 marzo 1992 \u2013 Nasce la Fraternit\u00e0 di Nazareth: un\u2019associazione per i laici che desiderano condividere il carisma delle suore di Santa Maria di Loreto.<br \/>\u2022 13 settembre 2002 \u2013 L\u2019arcivescovo di Vercelli, padre Enrico Masseroni, apre il processo diocesano per la canonizzazione della serva di Dio, Madre Natalina Bonardi.<br \/>\u2022 16 giugno 2006 \u2013 Nella cappella di Casa Madre VC, si celebra la sessione di chiusura del tribunale istituito per il processo diocesano della causa di Beatificazione della fondatrice.<\/p>\r\n\r\n<div class=\"wp-block-image\">\r\n<figure class=\"alignleft size-large is-resized\"><a href=\"https:\/\/www.suorediloreto.it\/lor\/madre-natalina-approfondimento-carisma\/\"><img loading=\"lazy\" decoding=\"async\" class=\"wp-image-5960\" src=\"https:\/\/www.suorediloreto.it\/lor\/wp-content\/uploads\/2020\/11\/MADRE-NATALINA-approfondimento-Carisma.jpg\" alt=\"\" width=\"414\" height=\"585\" srcset=\"https:\/\/www.suorediloreto.it\/lor\/wp-content\/uploads\/2020\/11\/MADRE-NATALINA-approfondimento-Carisma.jpg 595w, https:\/\/www.suorediloreto.it\/lor\/wp-content\/uploads\/2020\/11\/MADRE-NATALINA-approfondimento-Carisma-212x300.jpg 212w, https:\/\/www.suorediloreto.it\/lor\/wp-content\/uploads\/2020\/11\/MADRE-NATALINA-approfondimento-Carisma-500x707.jpg 500w, https:\/\/www.suorediloreto.it\/lor\/wp-content\/uploads\/2020\/11\/MADRE-NATALINA-approfondimento-Carisma-580x820.jpg 580w\" sizes=\"auto, (max-width: 414px) 100vw, 414px\" \/><\/a><\/figure>\r\n<\/div>\r\n\r\n\r\n\r\n<p>&nbsp;<\/p>\r\n\r\n\r\n\r\n<div class=\"wp-block-file\"><a href=\"https:\/\/www.suorediloreto.it\/lor\/wp-content\/uploads\/2020\/11\/MADRE-NATALINA-approfondimento-Carisma.pdf\">Per approfondire la vita di Madre Natalina<\/a><a class=\"wp-block-file__button\" href=\"https:\/\/www.suorediloreto.it\/lor\/wp-content\/uploads\/2020\/11\/MADRE-NATALINA-approfondimento-Carisma.pdf\" download=\"\">Download<\/a><\/div>\r\n","protected":false},"excerpt":{"rendered":"<p>Decreto Virt\u00f9 Madre Natalina Maria Bonardi nasce a Cuneo il 4 dicembre del 1864 e riceve il battesimo nella chiesa di Sant\u2019Ambrogio il 7 dicembre dello stesso anno.I genitori, Giuseppe Bonardi e Margherita Dogliani, educarono i loro numerosi figli alla fede cristiana e secondo l\u2019amore di Dio. I primi anni Fin da piccola Maria mostr\u00f2&#8230;<\/p>\n","protected":false},"author":2,"featured_media":0,"parent":0,"menu_order":4,"comment_status":"closed","ping_status":"closed","template":"","meta":{"ghostkit_customizer_options":"","ghostkit_custom_css":"","ghostkit_custom_js_head":"","ghostkit_custom_js_foot":"","ghostkit_typography":"","_vp_format_video_url":"","_vp_image_focal_point":[],"footnotes":""},"class_list":["post-4822","page","type-page","status-publish","hentry"],"yoast_head":"<!-- This site is optimized with the Yoast SEO plugin v25.6 - https:\/\/yoast.com\/wordpress\/plugins\/seo\/ -->\n<title>Suor Natalina - Suore di Loreto<\/title>\n<meta name=\"robots\" content=\"index, follow, max-snippet:-1, max-image-preview:large, max-video-preview:-1\" \/>\n<link rel=\"canonical\" href=\"https:\/\/www.suorediloreto.it\/lor\/suor-natalina\/\" \/>\n<meta property=\"og:locale\" content=\"it_IT\" \/>\n<meta property=\"og:type\" content=\"article\" \/>\n<meta property=\"og:title\" content=\"Suor Natalina - Suore di Loreto\" \/>\n<meta property=\"og:description\" content=\"Decreto Virt\u00f9 Madre Natalina Maria Bonardi nasce a Cuneo il 4 dicembre del 1864 e riceve il battesimo nella chiesa di Sant\u2019Ambrogio il 7 dicembre dello stesso anno.I genitori, Giuseppe Bonardi e Margherita Dogliani, educarono i loro numerosi figli alla fede cristiana e secondo l\u2019amore di Dio. I primi anni Fin da piccola Maria mostr\u00f2...\" \/>\n<meta property=\"og:url\" content=\"https:\/\/www.suorediloreto.it\/lor\/suor-natalina\/\" \/>\n<meta property=\"og:site_name\" content=\"Suore di Loreto\" \/>\n<meta property=\"article:modified_time\" content=\"2022-08-19T19:35:28+00:00\" \/>\n<meta property=\"og:image\" content=\"http:\/\/www.suorediloreto.it\/lor\/wp-content\/uploads\/2020\/04\/famiglia-Bonardi-300x226.jpg\" \/>\n<meta name=\"twitter:card\" content=\"summary_large_image\" \/>\n<meta name=\"twitter:label1\" content=\"Tempo di lettura stimato\" \/>\n\t<meta name=\"twitter:data1\" content=\"9 minuti\" \/>\n<script type=\"application\/ld+json\" class=\"yoast-schema-graph\">{\"@context\":\"https:\/\/schema.org\",\"@graph\":[{\"@type\":\"WebPage\",\"@id\":\"https:\/\/www.suorediloreto.it\/lor\/suor-natalina\/\",\"url\":\"https:\/\/www.suorediloreto.it\/lor\/suor-natalina\/\",\"name\":\"Suor Natalina - Suore di Loreto\",\"isPartOf\":{\"@id\":\"https:\/\/www.suorediloreto.it\/lor\/#website\"},\"primaryImageOfPage\":{\"@id\":\"https:\/\/www.suorediloreto.it\/lor\/suor-natalina\/#primaryimage\"},\"image\":{\"@id\":\"https:\/\/www.suorediloreto.it\/lor\/suor-natalina\/#primaryimage\"},\"thumbnailUrl\":\"http:\/\/www.suorediloreto.it\/lor\/wp-content\/uploads\/2020\/04\/famiglia-Bonardi-300x226.jpg\",\"datePublished\":\"2020-04-18T09:10:30+00:00\",\"dateModified\":\"2022-08-19T19:35:28+00:00\",\"breadcrumb\":{\"@id\":\"https:\/\/www.suorediloreto.it\/lor\/suor-natalina\/#breadcrumb\"},\"inLanguage\":\"it-IT\",\"potentialAction\":[{\"@type\":\"ReadAction\",\"target\":[\"https:\/\/www.suorediloreto.it\/lor\/suor-natalina\/\"]}]},{\"@type\":\"ImageObject\",\"inLanguage\":\"it-IT\",\"@id\":\"https:\/\/www.suorediloreto.it\/lor\/suor-natalina\/#primaryimage\",\"url\":\"https:\/\/www.suorediloreto.it\/lor\/wp-content\/uploads\/2020\/04\/famiglia-Bonardi.jpg\",\"contentUrl\":\"https:\/\/www.suorediloreto.it\/lor\/wp-content\/uploads\/2020\/04\/famiglia-Bonardi.jpg\",\"width\":1027,\"height\":774},{\"@type\":\"BreadcrumbList\",\"@id\":\"https:\/\/www.suorediloreto.it\/lor\/suor-natalina\/#breadcrumb\",\"itemListElement\":[{\"@type\":\"ListItem\",\"position\":1,\"name\":\"Home\",\"item\":\"https:\/\/www.suorediloreto.it\/lor\/\"},{\"@type\":\"ListItem\",\"position\":2,\"name\":\"Suor Natalina\"}]},{\"@type\":\"WebSite\",\"@id\":\"https:\/\/www.suorediloreto.it\/lor\/#website\",\"url\":\"https:\/\/www.suorediloreto.it\/lor\/\",\"name\":\"Suore di Loreto\",\"description\":\"\",\"potentialAction\":[{\"@type\":\"SearchAction\",\"target\":{\"@type\":\"EntryPoint\",\"urlTemplate\":\"https:\/\/www.suorediloreto.it\/lor\/?s={search_term_string}\"},\"query-input\":{\"@type\":\"PropertyValueSpecification\",\"valueRequired\":true,\"valueName\":\"search_term_string\"}}],\"inLanguage\":\"it-IT\"}]}<\/script>\n<!-- \/ Yoast SEO plugin. -->","yoast_head_json":{"title":"Suor Natalina - Suore di Loreto","robots":{"index":"index","follow":"follow","max-snippet":"max-snippet:-1","max-image-preview":"max-image-preview:large","max-video-preview":"max-video-preview:-1"},"canonical":"https:\/\/www.suorediloreto.it\/lor\/suor-natalina\/","og_locale":"it_IT","og_type":"article","og_title":"Suor Natalina - Suore di Loreto","og_description":"Decreto Virt\u00f9 Madre Natalina Maria Bonardi nasce a Cuneo il 4 dicembre del 1864 e riceve il battesimo nella chiesa di Sant\u2019Ambrogio il 7 dicembre dello stesso anno.I genitori, Giuseppe Bonardi e Margherita Dogliani, educarono i loro numerosi figli alla fede cristiana e secondo l\u2019amore di Dio. I primi anni Fin da piccola Maria mostr\u00f2...","og_url":"https:\/\/www.suorediloreto.it\/lor\/suor-natalina\/","og_site_name":"Suore di Loreto","article_modified_time":"2022-08-19T19:35:28+00:00","og_image":[{"url":"http:\/\/www.suorediloreto.it\/lor\/wp-content\/uploads\/2020\/04\/famiglia-Bonardi-300x226.jpg","type":"","width":"","height":""}],"twitter_card":"summary_large_image","twitter_misc":{"Tempo di lettura stimato":"9 minuti"},"schema":{"@context":"https:\/\/schema.org","@graph":[{"@type":"WebPage","@id":"https:\/\/www.suorediloreto.it\/lor\/suor-natalina\/","url":"https:\/\/www.suorediloreto.it\/lor\/suor-natalina\/","name":"Suor Natalina - Suore di Loreto","isPartOf":{"@id":"https:\/\/www.suorediloreto.it\/lor\/#website"},"primaryImageOfPage":{"@id":"https:\/\/www.suorediloreto.it\/lor\/suor-natalina\/#primaryimage"},"image":{"@id":"https:\/\/www.suorediloreto.it\/lor\/suor-natalina\/#primaryimage"},"thumbnailUrl":"http:\/\/www.suorediloreto.it\/lor\/wp-content\/uploads\/2020\/04\/famiglia-Bonardi-300x226.jpg","datePublished":"2020-04-18T09:10:30+00:00","dateModified":"2022-08-19T19:35:28+00:00","breadcrumb":{"@id":"https:\/\/www.suorediloreto.it\/lor\/suor-natalina\/#breadcrumb"},"inLanguage":"it-IT","potentialAction":[{"@type":"ReadAction","target":["https:\/\/www.suorediloreto.it\/lor\/suor-natalina\/"]}]},{"@type":"ImageObject","inLanguage":"it-IT","@id":"https:\/\/www.suorediloreto.it\/lor\/suor-natalina\/#primaryimage","url":"https:\/\/www.suorediloreto.it\/lor\/wp-content\/uploads\/2020\/04\/famiglia-Bonardi.jpg","contentUrl":"https:\/\/www.suorediloreto.it\/lor\/wp-content\/uploads\/2020\/04\/famiglia-Bonardi.jpg","width":1027,"height":774},{"@type":"BreadcrumbList","@id":"https:\/\/www.suorediloreto.it\/lor\/suor-natalina\/#breadcrumb","itemListElement":[{"@type":"ListItem","position":1,"name":"Home","item":"https:\/\/www.suorediloreto.it\/lor\/"},{"@type":"ListItem","position":2,"name":"Suor Natalina"}]},{"@type":"WebSite","@id":"https:\/\/www.suorediloreto.it\/lor\/#website","url":"https:\/\/www.suorediloreto.it\/lor\/","name":"Suore di Loreto","description":"","potentialAction":[{"@type":"SearchAction","target":{"@type":"EntryPoint","urlTemplate":"https:\/\/www.suorediloreto.it\/lor\/?s={search_term_string}"},"query-input":{"@type":"PropertyValueSpecification","valueRequired":true,"valueName":"search_term_string"}}],"inLanguage":"it-IT"}]}},"_links":{"self":[{"href":"https:\/\/www.suorediloreto.it\/lor\/wp-json\/wp\/v2\/pages\/4822","targetHints":{"allow":["GET"]}}],"collection":[{"href":"https:\/\/www.suorediloreto.it\/lor\/wp-json\/wp\/v2\/pages"}],"about":[{"href":"https:\/\/www.suorediloreto.it\/lor\/wp-json\/wp\/v2\/types\/page"}],"author":[{"embeddable":true,"href":"https:\/\/www.suorediloreto.it\/lor\/wp-json\/wp\/v2\/users\/2"}],"replies":[{"embeddable":true,"href":"https:\/\/www.suorediloreto.it\/lor\/wp-json\/wp\/v2\/comments?post=4822"}],"version-history":[{"count":10,"href":"https:\/\/www.suorediloreto.it\/lor\/wp-json\/wp\/v2\/pages\/4822\/revisions"}],"predecessor-version":[{"id":6639,"href":"https:\/\/www.suorediloreto.it\/lor\/wp-json\/wp\/v2\/pages\/4822\/revisions\/6639"}],"wp:attachment":[{"href":"https:\/\/www.suorediloreto.it\/lor\/wp-json\/wp\/v2\/media?parent=4822"}],"curies":[{"name":"wp","href":"https:\/\/api.w.org\/{rel}","templated":true}]}}