{"id":499,"date":"2018-11-12T14:21:07","date_gmt":"2018-11-12T14:21:07","guid":{"rendered":"http:\/\/guten-blog.cmsmasters.net\/?page_id=499"},"modified":"2021-01-05T17:09:33","modified_gmt":"2021-01-05T16:09:33","slug":"contatti","status":"publish","type":"page","link":"https:\/\/www.suorediloreto.it\/lor\/contatti\/","title":{"rendered":"Contatti"},"content":{"rendered":"\n<p class=\"ghostkit-custom-H7ihl\">Siamo una comunit\u00e0 di sorelle che vive il mistero di Nazareth nella fede e nell&#8217;abbandono fiducioso nella volont\u00e0 del Padre. La nostra missione \u00e8 quella di favorire la crescita della persona umana in \u201csapienza e grazia\u201c. Vogliamo continuare, nella fedelt\u00e0 delle origini ma nella realt\u00e0 dei tempi attuali,&nbsp;la linea promozionale, evangelizzatrice dei bambini, giovani, anziani, malati.<\/p>\n\n\n\n<p><\/p>\n\n\n\n<div class=\"ghostkit-grid ghostkit-grid-gap-md ghostkit-custom-Z1figuG\"><div class=\"ghostkit-grid-inner\">\n<div class=\"ghostkit-col ghostkit-col-lg-12 ghostkit-col-4 ghostkit-col-lg-12 ghostkit-col-4 ghostkit-col-lg-12 ghostkit-col-4 ghostkit-col-lg-12 ghostkit-col-4 ghostkit-col-lg-12 ghostkit-col-4\"><div class=\"ghostkit-col-content is-layout-flow wp-block-grid-column-is-layout-flow\">\n<div class=\"wp-block-nk-awb nk-awb ghostkit-custom-ZcL2dN\"><div class=\"nk-awb-wrap\" data-awb-type=\"image\"><div class=\"nk-awb-overlay is-layout-constrained wp-block-awb-is-layout-constrained\" style=\"background-color: rgba(240, 255, 179, 0.77);\"><\/div><\/div>\n<p><strong>Vuoi messaggiare con una suora di Santa Maria di Loreto?<\/strong><\/p>\n\n\n\n<p><em>Puoi scrivere una email a:<\/em><br><strong>Suor Giovanna\u00a0<\/strong>  <a style=\"color:#9e4f1f;\" href=\"mailto:suorloreto@libero.it\">suorediloreto@libero.it<\/a><br><strong>Suor Bruna<\/strong><br><a href=\"mailto:tosetto.bruna68@gmail.com\">tosetto.bruna68@gmail.com<\/a><\/p>\n<\/div>\n\n\n<style>.wp-block-kadence-spacer.kt-block-spacer-_61d00b-69 .kt-block-spacer{height:20px;}.wp-block-kadence-spacer.kt-block-spacer-_61d00b-69 .kt-divider{border-top-width:1px;height:1px;border-top-color:#eee;width:80%;border-top-style:solid;}<\/style>\n<div class=\"wp-block-kadence-spacer aligncenter kt-block-spacer-_61d00b-69\"><div class=\"kt-block-spacer kt-block-spacer-halign-center\" style=\"height:20px\"><\/div><\/div>\n\n\n\n<p><\/p>\n<\/div><\/div>\n\n\n\n<div class=\"ghostkit-col ghostkit-col-lg-12 ghostkit-col-4 ghostkit-col-lg-12 ghostkit-col-4 ghostkit-col-lg-12 ghostkit-col-4 ghostkit-col-lg-12 ghostkit-col-4 ghostkit-col-lg-12 ghostkit-col-4\"><div class=\"ghostkit-col-content is-layout-flow wp-block-grid-column-is-layout-flow\">\n<div class=\"wp-block-nk-awb nk-awb ghostkit-custom-ZB2QRC\"><div class=\"nk-awb-wrap\" data-awb-type=\"color\"><div class=\"nk-awb-overlay is-layout-constrained wp-block-awb-is-layout-constrained\" style=\"background-color: rgba(255, 218, 107, 0.53);\"><\/div><\/div>\n<p><strong>Vuoi parlare con una suora di Santa Maria di Loreto?<\/strong><\/p>\n\n\n\n<p><em>Telefonaci a questo numero:<\/em><\/p>\n\n\n\n<p class=\"has-text-color\" style=\"color:#9e4f1f\"><strong><a href=\"tel:+39 0161 255425\">+39 0161 255425<\/a><\/strong><\/p>\n<\/div>\n\n\n<style>.wp-block-kadence-spacer.kt-block-spacer-_24ab7b-33 .kt-block-spacer{height:20px;}.wp-block-kadence-spacer.kt-block-spacer-_24ab7b-33 .kt-divider{border-top-width:1px;height:1px;border-top-color:#eee;width:80%;border-top-style:solid;}<\/style>\n<div class=\"wp-block-kadence-spacer aligncenter kt-block-spacer-_24ab7b-33\"><div class=\"kt-block-spacer kt-block-spacer-halign-center\" style=\"height:20px\"><\/div><\/div>\n<\/div><\/div>\n\n\n\n<div class=\"ghostkit-col ghostkit-col-lg-12 ghostkit-col-4 ghostkit-col-lg-12 ghostkit-col-4 ghostkit-col-lg-12 ghostkit-col-4 ghostkit-col-lg-12 ghostkit-col-4 ghostkit-col-lg-12 ghostkit-col-4\"><div class=\"ghostkit-col-content is-layout-flow wp-block-grid-column-is-layout-flow\">\n<div class=\"wp-block-nk-awb nk-awb ghostkit-custom-YGnF\"><div class=\"nk-awb-wrap\" data-awb-type=\"color\"><div class=\"nk-awb-overlay is-layout-constrained wp-block-awb-is-layout-constrained\" style=\"background-color: rgba(248, 202, 180, 0.55);\"><\/div><\/div>\n<p><strong>Vuoi venirci a trovare?<\/strong><\/p>\n\n\n\n<p class=\"has-text-color\" style=\"color:#9e4f1f\"><strong>Ecco <\/strong><a href=\"https:\/\/www.suorediloreto.it\/lor\/dove-siamo\/\"><strong>DOVE SIAMO:<\/strong><\/a> <\/p>\n\n\n\n<p class=\"ghostkit-custom-Z1TjA3D\"><strong>Suore Santa Maria di Loreto<\/strong><br>Piazza Alessandro d&#8217;Angennes, 4 &#8211; 13100 VERCELLI<\/p>\n<\/div>\n\n\n\n<p><\/p>\n<\/div><\/div>\n<\/div><\/div>\n","protected":false},"excerpt":{"rendered":"<p>Siamo una comunit\u00e0 di sorelle che vive il mistero di Nazareth nella fede e nell&#8217;abbandono fiducioso nella volont\u00e0 del Padre. La nostra missione \u00e8 quella di favorire la crescita della persona umana in \u201csapienza e grazia\u201c. Vogliamo continuare, nella fedelt\u00e0 delle origini ma nella realt\u00e0 dei tempi attuali,&nbsp;la linea promozionale, evangelizzatrice dei bambini, giovani, anziani,&#8230;<\/p>\n","protected":false},"author":1,"featured_media":0,"parent":0,"menu_order":0,"comment_status":"closed","ping_status":"closed","template":"","meta":{"ghostkit_customizer_options":"","ghostkit_custom_css":"","ghostkit_custom_js_head":"","ghostkit_custom_js_foot":"","ghostkit_typography":"","_vp_format_video_url":"","_vp_image_focal_point":[],"footnotes":""},"class_list":["post-499","page","type-page","status-publish","hentry"],"yoast_head":"<!-- This site is optimized with the Yoast SEO plugin v25.6 - https:\/\/yoast.com\/wordpress\/plugins\/seo\/ -->\n<title>Contatti - Suore di Loreto<\/title>\n<meta name=\"robots\" content=\"index, follow, max-snippet:-1, max-image-preview:large, max-video-preview:-1\" \/>\n<link rel=\"canonical\" href=\"https:\/\/www.suorediloreto.it\/lor\/contatti\/\" \/>\n<meta property=\"og:locale\" content=\"it_IT\" \/>\n<meta property=\"og:type\" content=\"article\" \/>\n<meta property=\"og:title\" content=\"Contatti - Suore di Loreto\" \/>\n<meta property=\"og:description\" content=\"Siamo una comunit\u00e0 di sorelle che vive il mistero di Nazareth nella fede e nell&#8217;abbandono fiducioso nella volont\u00e0 del Padre. La nostra missione \u00e8 quella di favorire la crescita della persona umana in \u201csapienza e grazia\u201c. Vogliamo continuare, nella fedelt\u00e0 delle origini ma nella realt\u00e0 dei tempi attuali,&nbsp;la linea promozionale, evangelizzatrice dei bambini, giovani, anziani,...\" \/>\n<meta property=\"og:url\" content=\"https:\/\/www.suorediloreto.it\/lor\/contatti\/\" \/>\n<meta property=\"og:site_name\" content=\"Suore di Loreto\" \/>\n<meta property=\"article:modified_time\" content=\"2021-01-05T16:09:33+00:00\" \/>\n<meta name=\"twitter:card\" content=\"summary_large_image\" \/>\n<meta name=\"twitter:label1\" content=\"Tempo di lettura stimato\" \/>\n\t<meta name=\"twitter:data1\" content=\"1 minuto\" \/>\n<script type=\"application\/ld+json\" class=\"yoast-schema-graph\">{\"@context\":\"https:\/\/schema.org\",\"@graph\":[{\"@type\":\"WebPage\",\"@id\":\"https:\/\/www.suorediloreto.it\/lor\/contatti\/\",\"url\":\"https:\/\/www.suorediloreto.it\/lor\/contatti\/\",\"name\":\"Contatti - Suore di Loreto\",\"isPartOf\":{\"@id\":\"https:\/\/www.suorediloreto.it\/lor\/#website\"},\"datePublished\":\"2018-11-12T14:21:07+00:00\",\"dateModified\":\"2021-01-05T16:09:33+00:00\",\"breadcrumb\":{\"@id\":\"https:\/\/www.suorediloreto.it\/lor\/contatti\/#breadcrumb\"},\"inLanguage\":\"it-IT\",\"potentialAction\":[{\"@type\":\"ReadAction\",\"target\":[\"https:\/\/www.suorediloreto.it\/lor\/contatti\/\"]}]},{\"@type\":\"BreadcrumbList\",\"@id\":\"https:\/\/www.suorediloreto.it\/lor\/contatti\/#breadcrumb\",\"itemListElement\":[{\"@type\":\"ListItem\",\"position\":1,\"name\":\"Home\",\"item\":\"https:\/\/www.suorediloreto.it\/lor\/\"},{\"@type\":\"ListItem\",\"position\":2,\"name\":\"Contatti\"}]},{\"@type\":\"WebSite\",\"@id\":\"https:\/\/www.suorediloreto.it\/lor\/#website\",\"url\":\"https:\/\/www.suorediloreto.it\/lor\/\",\"name\":\"Suore di Loreto\",\"description\":\"\",\"potentialAction\":[{\"@type\":\"SearchAction\",\"target\":{\"@type\":\"EntryPoint\",\"urlTemplate\":\"https:\/\/www.suorediloreto.it\/lor\/?s={search_term_string}\"},\"query-input\":{\"@type\":\"PropertyValueSpecification\",\"valueRequired\":true,\"valueName\":\"search_term_string\"}}],\"inLanguage\":\"it-IT\"}]}<\/script>\n<!-- \/ Yoast SEO plugin. -->","yoast_head_json":{"title":"Contatti - Suore di Loreto","robots":{"index":"index","follow":"follow","max-snippet":"max-snippet:-1","max-image-preview":"max-image-preview:large","max-video-preview":"max-video-preview:-1"},"canonical":"https:\/\/www.suorediloreto.it\/lor\/contatti\/","og_locale":"it_IT","og_type":"article","og_title":"Contatti - Suore di Loreto","og_description":"Siamo una comunit\u00e0 di sorelle che vive il mistero di Nazareth nella fede e nell&#8217;abbandono fiducioso nella volont\u00e0 del Padre. La nostra missione \u00e8 quella di favorire la crescita della persona umana in \u201csapienza e grazia\u201c. Vogliamo continuare, nella fedelt\u00e0 delle origini ma nella realt\u00e0 dei tempi attuali,&nbsp;la linea promozionale, evangelizzatrice dei bambini, giovani, anziani,...","og_url":"https:\/\/www.suorediloreto.it\/lor\/contatti\/","og_site_name":"Suore di Loreto","article_modified_time":"2021-01-05T16:09:33+00:00","twitter_card":"summary_large_image","twitter_misc":{"Tempo di lettura stimato":"1 minuto"},"schema":{"@context":"https:\/\/schema.org","@graph":[{"@type":"WebPage","@id":"https:\/\/www.suorediloreto.it\/lor\/contatti\/","url":"https:\/\/www.suorediloreto.it\/lor\/contatti\/","name":"Contatti - Suore di Loreto","isPartOf":{"@id":"https:\/\/www.suorediloreto.it\/lor\/#website"},"datePublished":"2018-11-12T14:21:07+00:00","dateModified":"2021-01-05T16:09:33+00:00","breadcrumb":{"@id":"https:\/\/www.suorediloreto.it\/lor\/contatti\/#breadcrumb"},"inLanguage":"it-IT","potentialAction":[{"@type":"ReadAction","target":["https:\/\/www.suorediloreto.it\/lor\/contatti\/"]}]},{"@type":"BreadcrumbList","@id":"https:\/\/www.suorediloreto.it\/lor\/contatti\/#breadcrumb","itemListElement":[{"@type":"ListItem","position":1,"name":"Home","item":"https:\/\/www.suorediloreto.it\/lor\/"},{"@type":"ListItem","position":2,"name":"Contatti"}]},{"@type":"WebSite","@id":"https:\/\/www.suorediloreto.it\/lor\/#website","url":"https:\/\/www.suorediloreto.it\/lor\/","name":"Suore di Loreto","description":"","potentialAction":[{"@type":"SearchAction","target":{"@type":"EntryPoint","urlTemplate":"https:\/\/www.suorediloreto.it\/lor\/?s={search_term_string}"},"query-input":{"@type":"PropertyValueSpecification","valueRequired":true,"valueName":"search_term_string"}}],"inLanguage":"it-IT"}]}},"_links":{"self":[{"href":"https:\/\/www.suorediloreto.it\/lor\/wp-json\/wp\/v2\/pages\/499","targetHints":{"allow":["GET"]}}],"collection":[{"href":"https:\/\/www.suorediloreto.it\/lor\/wp-json\/wp\/v2\/pages"}],"about":[{"href":"https:\/\/www.suorediloreto.it\/lor\/wp-json\/wp\/v2\/types\/page"}],"author":[{"embeddable":true,"href":"https:\/\/www.suorediloreto.it\/lor\/wp-json\/wp\/v2\/users\/1"}],"replies":[{"embeddable":true,"href":"https:\/\/www.suorediloreto.it\/lor\/wp-json\/wp\/v2\/comments?post=499"}],"version-history":[{"count":47,"href":"https:\/\/www.suorediloreto.it\/lor\/wp-json\/wp\/v2\/pages\/499\/revisions"}],"predecessor-version":[{"id":5975,"href":"https:\/\/www.suorediloreto.it\/lor\/wp-json\/wp\/v2\/pages\/499\/revisions\/5975"}],"wp:attachment":[{"href":"https:\/\/www.suorediloreto.it\/lor\/wp-json\/wp\/v2\/media?parent=499"}],"curies":[{"name":"wp","href":"https:\/\/api.w.org\/{rel}","templated":true}]}}