{"id":4991,"date":"2020-04-26T20:45:17","date_gmt":"2020-04-26T18:45:17","guid":{"rendered":"http:\/\/www.suorediloreto.it\/lor\/?page_id=4991"},"modified":"2021-01-12T15:19:53","modified_gmt":"2021-01-12T14:19:53","slug":"adozioni","status":"publish","type":"page","link":"https:\/\/www.suorediloreto.it\/lor\/le-attivita-2\/adozioni\/","title":{"rendered":"Sostegno alle missioni"},"content":{"rendered":"\r\n<p>La sollecitudine della Chiesa, espressa nel Decreto \u201cAd gentes\u201d al termine del Concilio Vaticano II, ci invita ad una presenza missionaria, evangelizzatrice ed educativa nei diversi Continenti.<\/p>\r\n\r\n\r\n\r\n<p>Dal 1977 in Kenya e dal 2012 in Haiti le suore di S. Maria di Loreto vivono in comunit\u00e0 fraterne e condividono con la popolazione locale le gioie, le difficolt\u00e0, i momenti belli, le fatiche, la bellezza di essere donne consacrate a servizio dei pi\u00f9 poveri e bisognosi.\u00a0<\/p>\r\n\r\n\r\n\r\n<h3 class=\"wp-block-heading\">Progetto Uno in pi\u00f9<\/h3>\r\n\r\n\r\n\r\n<p>La missione di Isiolo ha bisogno di aiuto. Ogni giorno qualche \u201cbambino di strada\u201d in pi\u00f9 si affaccia alle porte della missione per chiedere aiuto alle Suore. Per questo motivo lanciamo nel 2020 il progetto UNO IN PI\u00d9.<br \/>Ogni sponsor si impegna a portare entro l\u2019anno una nuova adozione tramite l\u2019invito rivolto ad un amico, un parente, un conoscente, un collega. Nella migliore delle ipotesi, entro fine anno, raddoppiamo gli aiuti e diamo una risposta pi\u00f9 decisiva al problema dell\u2019istruzione e dell\u2019educazione in quei paesi. Confidiamo in voi e nel vostro aiuto per la diffusione di questa proposta. Se avete bisogno di organizzare eventi o serate per presentare la Missione nei vostri paesi o citt\u00e0, siamo disponibili. Contattateci al n. 0161\/255425.\u00a0<\/p>\r\n\r\n\r\n\r\n<p>Per fare un\u2019adozione a distanza \u00e8 necessario:<\/p>\r\n\r\n\r\n\r\n<ul class=\"wp-block-list\">\r\n<li>RACCOGLIERE i dati anagrafici dell\u2019intestatario (indirizzo di residenza, telefono, mail, codice fiscale)<\/li>\r\n<li>TELEFONARE alla segreteria delle Suore di Loreto (0161\/255425) per richiedere la nuova adozione che verr\u00e0 spedita, via mail o via posta, al nuovo intestatario. Nell\u2019email si troveranno tutte le indicazioni necessarie per effettuare il versamento.<\/li>\r\n<\/ul>\r\n\r\n\r\n\r\n<p>Il costo annuale per garantire ad un bambino 2 pasti giornalieri, uniforme scolastica e libri<br \/>\u00e8 di \u20ac 230,00 che possono essere versati in modo frazionato o in un\u2019unica soluzione<\/p>\r\n\r\n\r\n\r\n<p><strong>Contatti:<\/strong><br \/>Congregazione Suore di S. Maria di Loreto<br \/>P.zza D\u2019Angennes, 4 &#8211; 13100 Vercelli<br \/>Telefono 0161 255425<br \/>missioniloreto@suorediloreto.it<\/p>\r\n\r\n\r\n\r\n<div class=\"text_exposed_show\">\r\n<p>&nbsp;<\/p>\r\n<\/div>\r\n\r\n\r\n\r\n<figure class=\"wp-block-gallery columns-3 is-cropped wp-block-gallery-1 is-layout-flex wp-block-gallery-is-layout-flex\">\r\n<ul class=\"blocks-gallery-grid\">\r\n<li class=\"blocks-gallery-item\">\r\n<figure><img loading=\"lazy\" decoding=\"async\" width=\"533\" height=\"743\" class=\"wp-image-5075\" src=\"https:\/\/www.suorediloreto.it\/lor\/wp-content\/uploads\/2020\/04\/10592698_719485491461675_739072541477720575_n.jpg\" alt=\"\" data-id=\"5075\" srcset=\"https:\/\/www.suorediloreto.it\/lor\/wp-content\/uploads\/2020\/04\/10592698_719485491461675_739072541477720575_n.jpg 533w, https:\/\/www.suorediloreto.it\/lor\/wp-content\/uploads\/2020\/04\/10592698_719485491461675_739072541477720575_n-215x300.jpg 215w, https:\/\/www.suorediloreto.it\/lor\/wp-content\/uploads\/2020\/04\/10592698_719485491461675_739072541477720575_n-359x500.jpg 359w, https:\/\/www.suorediloreto.it\/lor\/wp-content\/uploads\/2020\/04\/10592698_719485491461675_739072541477720575_n-500x697.jpg 500w\" sizes=\"auto, (max-width: 533px) 100vw, 533px\" \/><\/figure>\r\n<\/li>\r\n<li class=\"blocks-gallery-item\">\r\n<figure><img loading=\"lazy\" decoding=\"async\" width=\"960\" height=\"720\" class=\"wp-image-5076\" src=\"https:\/\/www.suorediloreto.it\/lor\/wp-content\/uploads\/2020\/04\/315878_432941853449375_2144305869_n.jpg\" alt=\"\" data-id=\"5076\" srcset=\"https:\/\/www.suorediloreto.it\/lor\/wp-content\/uploads\/2020\/04\/315878_432941853449375_2144305869_n.jpg 960w, https:\/\/www.suorediloreto.it\/lor\/wp-content\/uploads\/2020\/04\/315878_432941853449375_2144305869_n-300x225.jpg 300w, https:\/\/www.suorediloreto.it\/lor\/wp-content\/uploads\/2020\/04\/315878_432941853449375_2144305869_n-768x576.jpg 768w, https:\/\/www.suorediloreto.it\/lor\/wp-content\/uploads\/2020\/04\/315878_432941853449375_2144305869_n-500x375.jpg 500w, https:\/\/www.suorediloreto.it\/lor\/wp-content\/uploads\/2020\/04\/315878_432941853449375_2144305869_n-800x600.jpg 800w, https:\/\/www.suorediloreto.it\/lor\/wp-content\/uploads\/2020\/04\/315878_432941853449375_2144305869_n-580x435.jpg 580w, https:\/\/www.suorediloreto.it\/lor\/wp-content\/uploads\/2020\/04\/315878_432941853449375_2144305869_n-860x645.jpg 860w\" sizes=\"auto, (max-width: 960px) 100vw, 960px\" \/><\/figure>\r\n<\/li>\r\n<li class=\"blocks-gallery-item\">\r\n<figure><img loading=\"lazy\" decoding=\"async\" width=\"960\" height=\"720\" class=\"wp-image-5077\" src=\"https:\/\/www.suorediloreto.it\/lor\/wp-content\/uploads\/2020\/04\/823350_431148316962062_998613610_o.jpg\" alt=\"\" data-id=\"5077\" srcset=\"https:\/\/www.suorediloreto.it\/lor\/wp-content\/uploads\/2020\/04\/823350_431148316962062_998613610_o.jpg 960w, https:\/\/www.suorediloreto.it\/lor\/wp-content\/uploads\/2020\/04\/823350_431148316962062_998613610_o-300x225.jpg 300w, https:\/\/www.suorediloreto.it\/lor\/wp-content\/uploads\/2020\/04\/823350_431148316962062_998613610_o-768x576.jpg 768w, https:\/\/www.suorediloreto.it\/lor\/wp-content\/uploads\/2020\/04\/823350_431148316962062_998613610_o-500x375.jpg 500w, https:\/\/www.suorediloreto.it\/lor\/wp-content\/uploads\/2020\/04\/823350_431148316962062_998613610_o-800x600.jpg 800w, https:\/\/www.suorediloreto.it\/lor\/wp-content\/uploads\/2020\/04\/823350_431148316962062_998613610_o-580x435.jpg 580w, https:\/\/www.suorediloreto.it\/lor\/wp-content\/uploads\/2020\/04\/823350_431148316962062_998613610_o-860x645.jpg 860w\" sizes=\"auto, (max-width: 960px) 100vw, 960px\" \/><\/figure>\r\n<\/li>\r\n<li class=\"blocks-gallery-item\">\r\n<figure><img loading=\"lazy\" decoding=\"async\" width=\"960\" height=\"720\" class=\"wp-image-5079\" src=\"https:\/\/www.suorediloreto.it\/lor\/wp-content\/uploads\/2020\/04\/1272227_526169254126634_701910422_o.jpg\" alt=\"\" data-id=\"5079\" srcset=\"https:\/\/www.suorediloreto.it\/lor\/wp-content\/uploads\/2020\/04\/1272227_526169254126634_701910422_o.jpg 960w, https:\/\/www.suorediloreto.it\/lor\/wp-content\/uploads\/2020\/04\/1272227_526169254126634_701910422_o-300x225.jpg 300w, https:\/\/www.suorediloreto.it\/lor\/wp-content\/uploads\/2020\/04\/1272227_526169254126634_701910422_o-768x576.jpg 768w, https:\/\/www.suorediloreto.it\/lor\/wp-content\/uploads\/2020\/04\/1272227_526169254126634_701910422_o-500x375.jpg 500w, https:\/\/www.suorediloreto.it\/lor\/wp-content\/uploads\/2020\/04\/1272227_526169254126634_701910422_o-800x600.jpg 800w, https:\/\/www.suorediloreto.it\/lor\/wp-content\/uploads\/2020\/04\/1272227_526169254126634_701910422_o-580x435.jpg 580w, https:\/\/www.suorediloreto.it\/lor\/wp-content\/uploads\/2020\/04\/1272227_526169254126634_701910422_o-860x645.jpg 860w\" sizes=\"auto, (max-width: 960px) 100vw, 960px\" \/><\/figure>\r\n<\/li>\r\n<li class=\"blocks-gallery-item\">\r\n<figure><img loading=\"lazy\" decoding=\"async\" width=\"960\" height=\"720\" class=\"wp-image-5080\" src=\"https:\/\/www.suorediloreto.it\/lor\/wp-content\/uploads\/2020\/04\/798293_431148133628747_2081271385_o.jpg\" alt=\"\" data-id=\"5080\" srcset=\"https:\/\/www.suorediloreto.it\/lor\/wp-content\/uploads\/2020\/04\/798293_431148133628747_2081271385_o.jpg 960w, https:\/\/www.suorediloreto.it\/lor\/wp-content\/uploads\/2020\/04\/798293_431148133628747_2081271385_o-300x225.jpg 300w, https:\/\/www.suorediloreto.it\/lor\/wp-content\/uploads\/2020\/04\/798293_431148133628747_2081271385_o-768x576.jpg 768w, https:\/\/www.suorediloreto.it\/lor\/wp-content\/uploads\/2020\/04\/798293_431148133628747_2081271385_o-500x375.jpg 500w, https:\/\/www.suorediloreto.it\/lor\/wp-content\/uploads\/2020\/04\/798293_431148133628747_2081271385_o-800x600.jpg 800w, https:\/\/www.suorediloreto.it\/lor\/wp-content\/uploads\/2020\/04\/798293_431148133628747_2081271385_o-580x435.jpg 580w, https:\/\/www.suorediloreto.it\/lor\/wp-content\/uploads\/2020\/04\/798293_431148133628747_2081271385_o-860x645.jpg 860w\" sizes=\"auto, (max-width: 960px) 100vw, 960px\" \/><\/figure>\r\n<\/li>\r\n<\/ul>\r\n<\/figure>\r\n","protected":false},"excerpt":{"rendered":"<p>La sollecitudine della Chiesa, espressa nel Decreto \u201cAd gentes\u201d al termine del Concilio Vaticano II, ci invita ad una presenza missionaria, evangelizzatrice ed educativa nei diversi Continenti. Dal 1977 in Kenya e dal 2012 in Haiti le suore di S. Maria di Loreto vivono in comunit\u00e0 fraterne e condividono con la popolazione locale le gioie,&#8230;<\/p>\n","protected":false},"author":2,"featured_media":5046,"parent":4820,"menu_order":0,"comment_status":"closed","ping_status":"closed","template":"","meta":{"ghostkit_customizer_options":"","ghostkit_custom_css":"","ghostkit_custom_js_head":"","ghostkit_custom_js_foot":"","ghostkit_typography":"","_vp_format_video_url":"","_vp_image_focal_point":[],"footnotes":""},"class_list":["post-4991","page","type-page","status-publish","has-post-thumbnail","hentry"],"yoast_head":"<!-- This site is optimized with the Yoast SEO plugin v25.6 - https:\/\/yoast.com\/wordpress\/plugins\/seo\/ -->\n<title>Sostegno alle missioni - Suore di Loreto<\/title>\n<meta name=\"robots\" content=\"index, follow, max-snippet:-1, max-image-preview:large, max-video-preview:-1\" \/>\n<link rel=\"canonical\" href=\"https:\/\/www.suorediloreto.it\/lor\/le-attivita-2\/adozioni\/\" \/>\n<meta property=\"og:locale\" content=\"it_IT\" \/>\n<meta property=\"og:type\" content=\"article\" \/>\n<meta property=\"og:title\" content=\"Sostegno alle missioni - Suore di Loreto\" \/>\n<meta property=\"og:description\" content=\"La sollecitudine della Chiesa, espressa nel Decreto \u201cAd gentes\u201d al termine del Concilio Vaticano II, ci invita ad una presenza missionaria, evangelizzatrice ed educativa nei diversi Continenti. Dal 1977 in Kenya e dal 2012 in Haiti le suore di S. Maria di Loreto vivono in comunit\u00e0 fraterne e condividono con la popolazione locale le gioie,...\" \/>\n<meta property=\"og:url\" content=\"https:\/\/www.suorediloreto.it\/lor\/le-attivita-2\/adozioni\/\" \/>\n<meta property=\"og:site_name\" content=\"Suore di Loreto\" \/>\n<meta property=\"article:modified_time\" content=\"2021-01-12T14:19:53+00:00\" \/>\n<meta property=\"og:image\" content=\"https:\/\/www.suorediloreto.it\/lor\/wp-content\/uploads\/2020\/04\/68_africa_nur.jpg\" \/>\n\t<meta property=\"og:image:width\" content=\"400\" \/>\n\t<meta property=\"og:image:height\" content=\"302\" \/>\n\t<meta property=\"og:image:type\" content=\"image\/jpeg\" \/>\n<meta name=\"twitter:card\" content=\"summary_large_image\" \/>\n<meta name=\"twitter:label1\" content=\"Tempo di lettura stimato\" \/>\n\t<meta name=\"twitter:data1\" content=\"1 minuto\" \/>\n<script type=\"application\/ld+json\" class=\"yoast-schema-graph\">{\"@context\":\"https:\/\/schema.org\",\"@graph\":[{\"@type\":\"WebPage\",\"@id\":\"https:\/\/www.suorediloreto.it\/lor\/le-attivita-2\/adozioni\/\",\"url\":\"https:\/\/www.suorediloreto.it\/lor\/le-attivita-2\/adozioni\/\",\"name\":\"Sostegno alle missioni - Suore di Loreto\",\"isPartOf\":{\"@id\":\"https:\/\/www.suorediloreto.it\/lor\/#website\"},\"primaryImageOfPage\":{\"@id\":\"https:\/\/www.suorediloreto.it\/lor\/le-attivita-2\/adozioni\/#primaryimage\"},\"image\":{\"@id\":\"https:\/\/www.suorediloreto.it\/lor\/le-attivita-2\/adozioni\/#primaryimage\"},\"thumbnailUrl\":\"https:\/\/www.suorediloreto.it\/lor\/wp-content\/uploads\/2020\/04\/68_africa_nur.jpg\",\"datePublished\":\"2020-04-26T18:45:17+00:00\",\"dateModified\":\"2021-01-12T14:19:53+00:00\",\"breadcrumb\":{\"@id\":\"https:\/\/www.suorediloreto.it\/lor\/le-attivita-2\/adozioni\/#breadcrumb\"},\"inLanguage\":\"it-IT\",\"potentialAction\":[{\"@type\":\"ReadAction\",\"target\":[\"https:\/\/www.suorediloreto.it\/lor\/le-attivita-2\/adozioni\/\"]}]},{\"@type\":\"ImageObject\",\"inLanguage\":\"it-IT\",\"@id\":\"https:\/\/www.suorediloreto.it\/lor\/le-attivita-2\/adozioni\/#primaryimage\",\"url\":\"https:\/\/www.suorediloreto.it\/lor\/wp-content\/uploads\/2020\/04\/68_africa_nur.jpg\",\"contentUrl\":\"https:\/\/www.suorediloreto.it\/lor\/wp-content\/uploads\/2020\/04\/68_africa_nur.jpg\",\"width\":400,\"height\":302},{\"@type\":\"BreadcrumbList\",\"@id\":\"https:\/\/www.suorediloreto.it\/lor\/le-attivita-2\/adozioni\/#breadcrumb\",\"itemListElement\":[{\"@type\":\"ListItem\",\"position\":1,\"name\":\"Home\",\"item\":\"https:\/\/www.suorediloreto.it\/lor\/\"},{\"@type\":\"ListItem\",\"position\":2,\"name\":\"Le attivit\u00e0\",\"item\":\"https:\/\/www.suorediloreto.it\/lor\/le-attivita-2\/\"},{\"@type\":\"ListItem\",\"position\":3,\"name\":\"Sostegno alle missioni\"}]},{\"@type\":\"WebSite\",\"@id\":\"https:\/\/www.suorediloreto.it\/lor\/#website\",\"url\":\"https:\/\/www.suorediloreto.it\/lor\/\",\"name\":\"Suore di Loreto\",\"description\":\"\",\"potentialAction\":[{\"@type\":\"SearchAction\",\"target\":{\"@type\":\"EntryPoint\",\"urlTemplate\":\"https:\/\/www.suorediloreto.it\/lor\/?s={search_term_string}\"},\"query-input\":{\"@type\":\"PropertyValueSpecification\",\"valueRequired\":true,\"valueName\":\"search_term_string\"}}],\"inLanguage\":\"it-IT\"}]}<\/script>\n<!-- \/ Yoast SEO plugin. -->","yoast_head_json":{"title":"Sostegno alle missioni - Suore di Loreto","robots":{"index":"index","follow":"follow","max-snippet":"max-snippet:-1","max-image-preview":"max-image-preview:large","max-video-preview":"max-video-preview:-1"},"canonical":"https:\/\/www.suorediloreto.it\/lor\/le-attivita-2\/adozioni\/","og_locale":"it_IT","og_type":"article","og_title":"Sostegno alle missioni - Suore di Loreto","og_description":"La sollecitudine della Chiesa, espressa nel Decreto \u201cAd gentes\u201d al termine del Concilio Vaticano II, ci invita ad una presenza missionaria, evangelizzatrice ed educativa nei diversi Continenti. Dal 1977 in Kenya e dal 2012 in Haiti le suore di S. Maria di Loreto vivono in comunit\u00e0 fraterne e condividono con la popolazione locale le gioie,...","og_url":"https:\/\/www.suorediloreto.it\/lor\/le-attivita-2\/adozioni\/","og_site_name":"Suore di Loreto","article_modified_time":"2021-01-12T14:19:53+00:00","og_image":[{"width":400,"height":302,"url":"https:\/\/www.suorediloreto.it\/lor\/wp-content\/uploads\/2020\/04\/68_africa_nur.jpg","type":"image\/jpeg"}],"twitter_card":"summary_large_image","twitter_misc":{"Tempo di lettura stimato":"1 minuto"},"schema":{"@context":"https:\/\/schema.org","@graph":[{"@type":"WebPage","@id":"https:\/\/www.suorediloreto.it\/lor\/le-attivita-2\/adozioni\/","url":"https:\/\/www.suorediloreto.it\/lor\/le-attivita-2\/adozioni\/","name":"Sostegno alle missioni - Suore di Loreto","isPartOf":{"@id":"https:\/\/www.suorediloreto.it\/lor\/#website"},"primaryImageOfPage":{"@id":"https:\/\/www.suorediloreto.it\/lor\/le-attivita-2\/adozioni\/#primaryimage"},"image":{"@id":"https:\/\/www.suorediloreto.it\/lor\/le-attivita-2\/adozioni\/#primaryimage"},"thumbnailUrl":"https:\/\/www.suorediloreto.it\/lor\/wp-content\/uploads\/2020\/04\/68_africa_nur.jpg","datePublished":"2020-04-26T18:45:17+00:00","dateModified":"2021-01-12T14:19:53+00:00","breadcrumb":{"@id":"https:\/\/www.suorediloreto.it\/lor\/le-attivita-2\/adozioni\/#breadcrumb"},"inLanguage":"it-IT","potentialAction":[{"@type":"ReadAction","target":["https:\/\/www.suorediloreto.it\/lor\/le-attivita-2\/adozioni\/"]}]},{"@type":"ImageObject","inLanguage":"it-IT","@id":"https:\/\/www.suorediloreto.it\/lor\/le-attivita-2\/adozioni\/#primaryimage","url":"https:\/\/www.suorediloreto.it\/lor\/wp-content\/uploads\/2020\/04\/68_africa_nur.jpg","contentUrl":"https:\/\/www.suorediloreto.it\/lor\/wp-content\/uploads\/2020\/04\/68_africa_nur.jpg","width":400,"height":302},{"@type":"BreadcrumbList","@id":"https:\/\/www.suorediloreto.it\/lor\/le-attivita-2\/adozioni\/#breadcrumb","itemListElement":[{"@type":"ListItem","position":1,"name":"Home","item":"https:\/\/www.suorediloreto.it\/lor\/"},{"@type":"ListItem","position":2,"name":"Le attivit\u00e0","item":"https:\/\/www.suorediloreto.it\/lor\/le-attivita-2\/"},{"@type":"ListItem","position":3,"name":"Sostegno alle missioni"}]},{"@type":"WebSite","@id":"https:\/\/www.suorediloreto.it\/lor\/#website","url":"https:\/\/www.suorediloreto.it\/lor\/","name":"Suore di Loreto","description":"","potentialAction":[{"@type":"SearchAction","target":{"@type":"EntryPoint","urlTemplate":"https:\/\/www.suorediloreto.it\/lor\/?s={search_term_string}"},"query-input":{"@type":"PropertyValueSpecification","valueRequired":true,"valueName":"search_term_string"}}],"inLanguage":"it-IT"}]}},"_links":{"self":[{"href":"https:\/\/www.suorediloreto.it\/lor\/wp-json\/wp\/v2\/pages\/4991","targetHints":{"allow":["GET"]}}],"collection":[{"href":"https:\/\/www.suorediloreto.it\/lor\/wp-json\/wp\/v2\/pages"}],"about":[{"href":"https:\/\/www.suorediloreto.it\/lor\/wp-json\/wp\/v2\/types\/page"}],"author":[{"embeddable":true,"href":"https:\/\/www.suorediloreto.it\/lor\/wp-json\/wp\/v2\/users\/2"}],"replies":[{"embeddable":true,"href":"https:\/\/www.suorediloreto.it\/lor\/wp-json\/wp\/v2\/comments?post=4991"}],"version-history":[{"count":15,"href":"https:\/\/www.suorediloreto.it\/lor\/wp-json\/wp\/v2\/pages\/4991\/revisions"}],"predecessor-version":[{"id":6292,"href":"https:\/\/www.suorediloreto.it\/lor\/wp-json\/wp\/v2\/pages\/4991\/revisions\/6292"}],"up":[{"embeddable":true,"href":"https:\/\/www.suorediloreto.it\/lor\/wp-json\/wp\/v2\/pages\/4820"}],"wp:featuredmedia":[{"embeddable":true,"href":"https:\/\/www.suorediloreto.it\/lor\/wp-json\/wp\/v2\/media\/5046"}],"wp:attachment":[{"href":"https:\/\/www.suorediloreto.it\/lor\/wp-json\/wp\/v2\/media?parent=4991"}],"curies":[{"name":"wp","href":"https:\/\/api.w.org\/{rel}","templated":true}]}}